{"id":51,"date":"2025-08-22T22:33:17","date_gmt":"2025-08-22T22:33:17","guid":{"rendered":"https:\/\/lw7efm.com.ar\/w1\/?page_id=51"},"modified":"2025-10-31T00:58:31","modified_gmt":"2025-10-31T00:58:31","slug":"sobre-mi","status":"publish","type":"page","link":"https:\/\/lw7efm.com.ar\/w1\/sobre-mi\/","title":{"rendered":"Sobre mi"},"content":{"rendered":"\n<p>All\u00e1 por los 90&#8217;s en Argentina se di\u00f3 una movida de apertura al mundo (muchas importaciones). En ese contexto un d\u00eda caminando por el microcentro porte\u00f1o (Ciudad de Buenos Aires, trabajaba en la zona), en un negocio de art\u00edculos electr\u00f3nicos varios (tipo bazar, no era una casa de art\u00edculos de radio), veo un equipo General Electric de banda ciudadana (11 metros) y una antena BC2 (sin planos de tierra).<\/p>\n\n\n\n<figure class=\"wp-block-image size-full is-resized\"><img loading=\"lazy\" decoding=\"async\" width=\"225\" height=\"225\" src=\"https:\/\/lw7efm.com.ar\/w1\/wp-content\/uploads\/2025\/08\/image.png\" alt=\"\" class=\"wp-image-121\" style=\"width:185px;height:auto\" srcset=\"https:\/\/lw7efm.com.ar\/w1\/wp-content\/uploads\/2025\/08\/image.png 225w, https:\/\/lw7efm.com.ar\/w1\/wp-content\/uploads\/2025\/08\/image-150x150.png 150w\" sizes=\"auto, (max-width: 225px) 100vw, 225px\" \/><\/figure>\n\n\n\n<p>As\u00ed, sin mucho m\u00e1s pre\u00e1mbulo ni preparaci\u00f3n, comenc\u00e9 mi incursi\u00f3n en el mundo de la \u00abradio\u00bb, aunque no espec\u00edficamente la radioafici\u00f3n, sino la \u00abbanda ciudadana\u00bb. No reniego de mis inicios&#8230; s\u00ed, empec\u00e9 en los 11 metros. Hasta en un momento llegu\u00e9 a tener una licencia para mi estaci\u00f3n.<\/p>\n\n\n\n<p>En esa \u00e9poca los 11 metros era una banda que desbordaba de actividad, grandes amistades hice all\u00ed, innumerables an\u00e9cdotas, salidas, etc. Mucha gente con la que incluso a\u00fan tengo contacto, otros los he perdido en el tiempo&#8230;<\/p>\n\n\n\n<p>Volviendo al G&amp;E y la BC2, instal\u00e9 todo y empec\u00e9 a salir al aire,  ROE qui\u00e9n te conoc\u00eda jaja. Por suerte hice mucha escucha y enseguida empec\u00e9 a hablar con buena gente que me fue asesorando y ayudando. Fui mejorando la estaci\u00f3n, tuve muchos equipos y antenas&#8230; SuperStar 3001, Ranger RCI2950, antena Super-Magnum. Todo fue una escuela inicial de radio. <\/p>\n\n\n\n<p>Unos amigos que conoc\u00ed en esa banda ya hab\u00edan hecho el curso de radioaficionado en el <a href=\"https:\/\/www.lu6dk.org.ar\/\" data-type=\"link\" data-id=\"https:\/\/www.lu6dk.org.ar\/\">RadioClub Cte. Tom\u00e1s Espora LU6DK<\/a>, me contaron al respecto, empec\u00e9 a conocer la banda de 2 metros (VHF) en la que ellos ya incursionaban dado que ten\u00edan licencia, tambi\u00e9n 80 y 10 metros&#8230;<\/p>\n\n\n\n<p>Se despert\u00f3 mi inter\u00e9s y curiosidad y con otro amigo de esa \u00e9poca nos anotamos en el <a href=\"https:\/\/qsl.net\/lu7eo\/\" data-type=\"link\" data-id=\"https:\/\/qsl.net\/lu7eo\/\" target=\"_blank\" rel=\"noreferrer noopener\">Avellaneda Radio Club LU7EO<\/a>, hicimos el curso y obtuve mi licencia categor\u00eda novicio en 1994 obteniendo la se\u00f1al distintiva <strong>LW7EFM<\/strong>. Estuve activo algunos a\u00f1os en dicha instituci\u00f3n y en forma personal, principalmente en fon\u00eda en las bandas de 80, 10 y 2 metros.<\/p>\n\n\n\n<p>Si bien mi formaci\u00f3n escolar secundaria fue bachiller, siempre me fui acercando a las tem\u00e1ticas m\u00e1s t\u00e9cnicas, hice muchos cursos relacionados con la electr\u00f3nica y la inform\u00e1tica, entre ellos logr\u00e9 un T\u00edtulo oficial de T\u00e9cnico en Armado y Reparaci\u00f3n de PCs y el T\u00edtulo oficial de Instalador de Automatizaci\u00f3n por L\u00f3gica Programada &#8211; automatizaci\u00f3n industrial por PLCs.<\/p>\n\n\n\n<p>Luego por cuestiones personales estuve unos a\u00f1os inactivo. Renov\u00e9 mi licencia un par de veces y luego dej\u00e9 de hacerlo. Pas\u00f3 el tiempo y extra\u00f1ando la radio (aunque hac\u00eda siempre escucha con alg\u00fan handy en 2 metros), en 2020 pude rehabilitar mi licencia recuperando mi se\u00f1al distintiva, gracias a la gente de <a href=\"http:\/\/www.amsat.org.ar\/\" data-type=\"link\" data-id=\"http:\/\/www.amsat.org.ar\/\" target=\"_blank\" rel=\"noreferrer noopener\">AMSAT Argentina<\/a>.<\/p>\n\n\n\n<figure class=\"wp-block-image size-full is-resized\"><img loading=\"lazy\" decoding=\"async\" width=\"224\" height=\"225\" src=\"https:\/\/lw7efm.com.ar\/w1\/wp-content\/uploads\/2025\/08\/image-1.png\" alt=\"\" class=\"wp-image-123\" style=\"width:159px;height:auto\" srcset=\"https:\/\/lw7efm.com.ar\/w1\/wp-content\/uploads\/2025\/08\/image-1.png 224w, https:\/\/lw7efm.com.ar\/w1\/wp-content\/uploads\/2025\/08\/image-1-150x150.png 150w\" sizes=\"auto, (max-width: 224px) 100vw, 224px\" \/><\/figure>\n\n\n\n<p>Desde 2020 soy socio activo del <a href=\"https:\/\/lu4dq.com.ar\/\" data-type=\"link\" data-id=\"https:\/\/lu4dq.com.ar\/\" target=\"_blank\" rel=\"noreferrer noopener\">Radio Club Quilmes LU4DQ<\/a>, participando regularmente tanto de sus actividades t\u00e9cnicas como sociales. Disfruto mucho de las salidas y actividades de campo, participando de activaciones en las m\u00e1s variadas condiciones (acampando varios d\u00edas, con o sin suministro el\u00e9ctrico, etc.). All\u00ed encontr\u00e9 un excelente grupo humano con el que comparto charlas y experiencias tanto t\u00e9cnicas, operativas y personales.<\/p>\n\n\n\n<p>En 2024 realiz\u00e9 en este radioclub el curso y ex\u00e1men para ascenso a categor\u00eda General. A partir del mismo hice la capacitaci\u00f3n sobre CW, redescubriendo ese modo, con el cual estoy en permanente pr\u00e1ctica.<\/p>\n\n\n\n<p>Como radioaficionado ejercito la comunicaci\u00f3n en todos los modos, bandas y formas de operaci\u00f3n: HF, VHF, UHF, fon\u00eda, digitales, CW, sat\u00e9lites, etc. Entre otras cosas me apasiona la operaci\u00f3n portable, realizo habitualmente pr\u00e1cticas y experimentaci\u00f3n tanto de antenas como de equipamiento para operaci\u00f3n portable en variedad de condiciones, en todas las bandas y modos. <\/p>\n\n\n\n<p>Apoyado en mis conocimientos avanzados de inform\u00e1tica, me especializo adem\u00e1s en los modos digitales. Mantengo activo en mi domicilio un digipeater\/igate APRS, adem\u00e1s de un tracker\/digipeater m\u00f3vil.<\/p>\n\n\n\n<div class=\"wp-block-group is-nowrap is-layout-flex wp-container-core-group-is-layout-6c531013 wp-block-group-is-layout-flex\">\n<p>Tambi\u00e9n me apasiona la n\u00e1utica, el kayak y la navegaci\u00f3n a vela. Desde el a\u00f1o 2023 poseo la habilitaci\u00f3n de Timonel Yate Vela Motor.<\/p>\n\n\n\n<figure class=\"wp-block-image size-full is-resized\"><img loading=\"lazy\" decoding=\"async\" width=\"676\" height=\"901\" src=\"https:\/\/lw7efm.com.ar\/w1\/wp-content\/uploads\/2025\/08\/image-3.png\" alt=\"\" class=\"wp-image-125\" style=\"width:203px;height:auto\" srcset=\"https:\/\/lw7efm.com.ar\/w1\/wp-content\/uploads\/2025\/08\/image-3.png 676w, https:\/\/lw7efm.com.ar\/w1\/wp-content\/uploads\/2025\/08\/image-3-225x300.png 225w\" sizes=\"auto, (max-width: 676px) 100vw, 676px\" \/><\/figure>\n<\/div>\n\n\n\n<p>Respecto al \u00e1mbito laboral, siempre estuve en el rubro de las balanzas industriales, desde 2007 formo parte de <a href=\"http:\/\/kyaserv.com.ar\" data-type=\"link\" data-id=\"kyaserv.com.ar\" target=\"_blank\" rel=\"noreferrer noopener\">KYASERV Balanzas y Servicios<\/a>, empresa dedicada la venta, reparaci\u00f3n y servicios en general de balanzas y sistemas de pesaje industriales y de alta capacidad.<\/p>\n\n\n\n<figure class=\"wp-block-image size-full is-resized\"><img loading=\"lazy\" decoding=\"async\" width=\"805\" height=\"120\" src=\"https:\/\/lw7efm.com.ar\/w1\/wp-content\/uploads\/2025\/08\/image-4.png\" alt=\"\" class=\"wp-image-126\" style=\"width:470px;height:auto\" srcset=\"https:\/\/lw7efm.com.ar\/w1\/wp-content\/uploads\/2025\/08\/image-4.png 805w, https:\/\/lw7efm.com.ar\/w1\/wp-content\/uploads\/2025\/08\/image-4-300x45.png 300w, https:\/\/lw7efm.com.ar\/w1\/wp-content\/uploads\/2025\/08\/image-4-768x114.png 768w\" sizes=\"auto, (max-width: 805px) 100vw, 805px\" \/><\/figure>\n\n\n\n<div class=\"wp-block-group is-nowrap is-layout-flex wp-container-core-group-is-layout-6c531013 wp-block-group-is-layout-flex\">\n<p><\/p>\n\n\n\n<p><\/p>\n<\/div>\n","protected":false},"excerpt":{"rendered":"<p>All\u00e1 por los 90&#8217;s en Argentina se di\u00f3 una movida de apertura al mundo (muchas importaciones). En ese contexto un d\u00eda caminando por el microcentro porte\u00f1o (Ciudad de Buenos Aires, trabajaba en la zona), en un negocio de art\u00edculos electr\u00f3nicos varios (tipo bazar, no era una casa de art\u00edculos de radio), veo un equipo General [&hellip;]<\/p>\n","protected":false},"author":2,"featured_media":0,"parent":0,"menu_order":0,"comment_status":"closed","ping_status":"closed","template":"","meta":{"site-sidebar-layout":"default","site-content-layout":"","ast-site-content-layout":"default","site-content-style":"default","site-sidebar-style":"default","ast-global-header-display":"","ast-banner-title-visibility":"","ast-main-header-display":"","ast-hfb-above-header-display":"","ast-hfb-below-header-display":"","ast-hfb-mobile-header-display":"","site-post-title":"","ast-breadcrumbs-content":"","ast-featured-img":"","footer-sml-layout":"","ast-disable-related-posts":"","theme-transparent-header-meta":"","adv-header-id-meta":"","stick-header-meta":"","header-above-stick-meta":"","header-main-stick-meta":"","header-below-stick-meta":"","astra-migrate-meta-layouts":"default","ast-page-background-enabled":"default","ast-page-background-meta":{"desktop":{"background-color":"var(--ast-global-color-5)","background-image":"","background-repeat":"repeat","background-position":"center center","background-size":"auto","background-attachment":"scroll","background-type":"","background-media":"","overlay-type":"","overlay-color":"","overlay-opacity":"","overlay-gradient":""},"tablet":{"background-color":"","background-image":"","background-repeat":"repeat","background-position":"center center","background-size":"auto","background-attachment":"scroll","background-type":"","background-media":"","overlay-type":"","overlay-color":"","overlay-opacity":"","overlay-gradient":""},"mobile":{"background-color":"","background-image":"","background-repeat":"repeat","background-position":"center center","background-size":"auto","background-attachment":"scroll","background-type":"","background-media":"","overlay-type":"","overlay-color":"","overlay-opacity":"","overlay-gradient":""}},"ast-content-background-meta":{"desktop":{"background-color":"var(--ast-global-color-4)","background-image":"","background-repeat":"repeat","background-position":"center center","background-size":"auto","background-attachment":"scroll","background-type":"","background-media":"","overlay-type":"","overlay-color":"","overlay-opacity":"","overlay-gradient":""},"tablet":{"background-color":"var(--ast-global-color-4)","background-image":"","background-repeat":"repeat","background-position":"center center","background-size":"auto","background-attachment":"scroll","background-type":"","background-media":"","overlay-type":"","overlay-color":"","overlay-opacity":"","overlay-gradient":""},"mobile":{"background-color":"var(--ast-global-color-4)","background-image":"","background-repeat":"repeat","background-position":"center center","background-size":"auto","background-attachment":"scroll","background-type":"","background-media":"","overlay-type":"","overlay-color":"","overlay-opacity":"","overlay-gradient":""}},"footnotes":""},"class_list":["post-51","page","type-page","status-publish","hentry"],"_links":{"self":[{"href":"https:\/\/lw7efm.com.ar\/w1\/wp-json\/wp\/v2\/pages\/51","targetHints":{"allow":["GET"]}}],"collection":[{"href":"https:\/\/lw7efm.com.ar\/w1\/wp-json\/wp\/v2\/pages"}],"about":[{"href":"https:\/\/lw7efm.com.ar\/w1\/wp-json\/wp\/v2\/types\/page"}],"author":[{"embeddable":true,"href":"https:\/\/lw7efm.com.ar\/w1\/wp-json\/wp\/v2\/users\/2"}],"replies":[{"embeddable":true,"href":"https:\/\/lw7efm.com.ar\/w1\/wp-json\/wp\/v2\/comments?post=51"}],"version-history":[{"count":15,"href":"https:\/\/lw7efm.com.ar\/w1\/wp-json\/wp\/v2\/pages\/51\/revisions"}],"predecessor-version":[{"id":314,"href":"https:\/\/lw7efm.com.ar\/w1\/wp-json\/wp\/v2\/pages\/51\/revisions\/314"}],"wp:attachment":[{"href":"https:\/\/lw7efm.com.ar\/w1\/wp-json\/wp\/v2\/media?parent=51"}],"curies":[{"name":"wp","href":"https:\/\/api.w.org\/{rel}","templated":true}]}}